{"id":120,"date":"2019-02-12T01:19:34","date_gmt":"2019-02-12T00:19:34","guid":{"rendered":"http:\/\/www.pragueidiots.cz\/gd\/?page_id=120"},"modified":"2019-02-12T15:16:55","modified_gmt":"2019-02-12T14:16:55","slug":"kontakt","status":"publish","type":"page","link":"https:\/\/www.pragueidiots.cz\/gd\/index.php\/kontakt\/","title":{"rendered":"Kontakt"},"content":{"rendered":"\n<h2 class=\"wp-block-heading\"><strong>KONTAKT:<\/strong><\/h2>\n\n\n\n<h3 class=\"wp-block-heading\"><br> <strong>MANAGEMENT &amp; BOOKING<\/strong><br> Martin Skr\u010den\u00fd<br> greenday@pragueidiots.cz<br> 602 251 773<br> McM promotion<br> I\u010cO: 487 00 550<br> Di\u010c: Cz7305300079<\/h3>\n\n\n\n<blockquote class=\"wp-block-quote is-style-large\"><p><\/p><\/blockquote>\n","protected":false},"excerpt":{"rendered":"<p>KONTAKT: MANAGEMENT &amp; BOOKING Martin Skr\u010den\u00fd greenday@pragueidiots.cz 602 251 773 McM promotion I\u010cO: 487 00 550 Di\u010c: Cz7305300079<\/p>\n","protected":false},"author":1,"featured_media":0,"parent":0,"menu_order":0,"comment_status":"closed","ping_status":"closed","template":"","meta":[],"_links":{"self":[{"href":"https:\/\/www.pragueidiots.cz\/gd\/index.php\/wp-json\/wp\/v2\/pages\/120"}],"collection":[{"href":"https:\/\/www.pragueidiots.cz\/gd\/index.php\/wp-json\/wp\/v2\/pages"}],"about":[{"href":"https:\/\/www.pragueidiots.cz\/gd\/index.php\/wp-json\/wp\/v2\/types\/page"}],"author":[{"embeddable":true,"href":"https:\/\/www.pragueidiots.cz\/gd\/index.php\/wp-json\/wp\/v2\/users\/1"}],"replies":[{"embeddable":true,"href":"https:\/\/www.pragueidiots.cz\/gd\/index.php\/wp-json\/wp\/v2\/comments?post=120"}],"version-history":[{"count":7,"href":"https:\/\/www.pragueidiots.cz\/gd\/index.php\/wp-json\/wp\/v2\/pages\/120\/revisions"}],"predecessor-version":[{"id":225,"href":"https:\/\/www.pragueidiots.cz\/gd\/index.php\/wp-json\/wp\/v2\/pages\/120\/revisions\/225"}],"wp:attachment":[{"href":"https:\/\/www.pragueidiots.cz\/gd\/index.php\/wp-json\/wp\/v2\/media?parent=120"}],"curies":[{"name":"wp","href":"https:\/\/api.w.org\/{rel}","templated":true}]}}